{"id":21,"date":"2023-05-10T12:06:21","date_gmt":"2023-05-10T10:06:21","guid":{"rendered":"https:\/\/btz.studio63.fr\/?page_id=21"},"modified":"2023-05-24T15:21:26","modified_gmt":"2023-05-24T13:21:26","slug":"a-propos","status":"publish","type":"page","link":"https:\/\/btz.studio63.fr\/?page_id=21","title":{"rendered":"A propos"},"content":{"rendered":"\t\t<div data-elementor-type=\"wp-page\" data-elementor-id=\"21\" class=\"elementor elementor-21\" data-elementor-post-type=\"page\">\n\t\t\t\t\t\t\t<div class=\"elementor-element elementor-element-8200896 e-flex e-con-boxed e-con e-parent\" data-id=\"8200896\" data-element_type=\"container\" data-settings=\"{&quot;container_type&quot;:&quot;flex&quot;,&quot;content_width&quot;:&quot;boxed&quot;}\" data-core-v316-plus=\"true\">\n\t\t\t\t\t<div class=\"e-con-inner\">\n\t\t\t\t<div class=\"elementor-element elementor-element-494af84 elementor-widget elementor-widget-heading\" data-id=\"494af84\" data-element_type=\"widget\" data-widget_type=\"heading.default\">\n\t\t\t\t<div class=\"elementor-widget-container\">\n\t\t\t<style>\/*! elementor - v3.16.0 - 14-09-2023 *\/\n.elementor-heading-title{padding:0;margin:0;line-height:1}.elementor-widget-heading .elementor-heading-title[class*=elementor-size-]>a{color:inherit;font-size:inherit;line-height:inherit}.elementor-widget-heading .elementor-heading-title.elementor-size-small{font-size:15px}.elementor-widget-heading .elementor-heading-title.elementor-size-medium{font-size:19px}.elementor-widget-heading .elementor-heading-title.elementor-size-large{font-size:29px}.elementor-widget-heading .elementor-heading-title.elementor-size-xl{font-size:39px}.elementor-widget-heading .elementor-heading-title.elementor-size-xxl{font-size:59px}<\/style><h2 class=\"elementor-heading-title elementor-size-default\">A propos<\/h2>\t\t<\/div>\n\t\t\t\t<\/div>\n\t\t\t\t\t<\/div>\n\t\t\t\t<\/div>\n\t\t<div class=\"elementor-element elementor-element-100047d e-flex e-con-boxed e-con e-parent\" data-id=\"100047d\" data-element_type=\"container\" data-settings=\"{&quot;background_background&quot;:&quot;classic&quot;,&quot;container_type&quot;:&quot;flex&quot;,&quot;content_width&quot;:&quot;boxed&quot;}\" data-core-v316-plus=\"true\">\n\t\t\t\t\t<div class=\"e-con-inner\">\n\t\t<div class=\"elementor-element elementor-element-fa02f28 e-con-full e-flex e-con e-child\" data-id=\"fa02f28\" data-element_type=\"container\" data-settings=\"{&quot;content_width&quot;:&quot;full&quot;,&quot;background_background&quot;:&quot;classic&quot;,&quot;container_type&quot;:&quot;flex&quot;}\">\n\t\t\t\t<div class=\"elementor-element elementor-element-e30e379 elementor-widget elementor-widget-heading\" data-id=\"e30e379\" data-element_type=\"widget\" data-widget_type=\"heading.default\">\n\t\t\t\t<div class=\"elementor-widget-container\">\n\t\t\t<h2 class=\"elementor-heading-title elementor-size-default\">Tom Bartowicz<\/h2>\t\t<\/div>\n\t\t\t\t<\/div>\n\t\t\t\t<div class=\"elementor-element elementor-element-2404682 elementor-widget elementor-widget-text-editor\" data-id=\"2404682\" data-element_type=\"widget\" data-widget_type=\"text-editor.default\">\n\t\t\t\t<div class=\"elementor-widget-container\">\n\t\t\t<style>\/*! elementor - v3.16.0 - 14-09-2023 *\/\n.elementor-widget-text-editor.elementor-drop-cap-view-stacked .elementor-drop-cap{background-color:#69727d;color:#fff}.elementor-widget-text-editor.elementor-drop-cap-view-framed .elementor-drop-cap{color:#69727d;border:3px solid;background-color:transparent}.elementor-widget-text-editor:not(.elementor-drop-cap-view-default) .elementor-drop-cap{margin-top:8px}.elementor-widget-text-editor:not(.elementor-drop-cap-view-default) .elementor-drop-cap-letter{width:1em;height:1em}.elementor-widget-text-editor .elementor-drop-cap{float:left;text-align:center;line-height:1;font-size:50px}.elementor-widget-text-editor .elementor-drop-cap-letter{display:inline-block}<\/style>\t\t\t\t<p>Baign\u00e9 dans l\u2019univers du spectacle depuis son plus jeune \u00e2ge, Tom fait l\u2019exp\u00e9rience de la sc\u00e8ne alors qu\u2019il n\u2019est encore qu\u2019un enfant. \u00c9voluant entre l\u2019art et la technique, il d\u00e9veloppe un sens artistique pointu et se passionne tr\u00e8s vite pour l\u2019\u00e9criture de sc\u00e9nario et l\u2019image. Sa force : une double comp\u00e9tence, \u00eatre \u00e0 la fois un artiste cr\u00e9atif et un technicien exp\u00e9riment\u00e9.<br \/>Tom sait ce qu\u2019il veut. Il construit lui-m\u00eame ses d\u00e9cors dans son atelier parisien. Un studio de 30m2, une porte qui explose, une bo\u00eete \u00e0 poup\u00e9e g\u00e9ante ou encore des machineries sur-mesure sp\u00e9cialement con\u00e7ues pour les effets sp\u00e9ciaux, chaque id\u00e9e qu\u2019il imagine se mat\u00e9rialise !<\/p>\t\t\t\t\t\t<\/div>\n\t\t\t\t<\/div>\n\t\t\t\t<\/div>\n\t\t<div class=\"elementor-element elementor-element-e718adb e-con-full e-flex e-con e-child\" data-id=\"e718adb\" data-element_type=\"container\" data-settings=\"{&quot;content_width&quot;:&quot;full&quot;,&quot;container_type&quot;:&quot;flex&quot;}\">\n\t\t\t\t<div class=\"elementor-element elementor-element-9012abe elementor-widget elementor-widget-image\" data-id=\"9012abe\" data-element_type=\"widget\" data-widget_type=\"image.default\">\n\t\t\t\t<div class=\"elementor-widget-container\">\n\t\t\t<style>\/*! elementor - v3.16.0 - 14-09-2023 *\/\n.elementor-widget-image{text-align:center}.elementor-widget-image a{display:inline-block}.elementor-widget-image a img[src$=\".svg\"]{width:48px}.elementor-widget-image img{vertical-align:middle;display:inline-block}<\/style>\t\t\t\t\t\t\t\t\t\t\t\t<img decoding=\"async\" loading=\"lazy\" width=\"467\" height=\"785\" src=\"https:\/\/btz.studio63.fr\/wp-content\/uploads\/2023\/05\/photo-Bartowicz.jpg\" class=\"attachment-large size-large wp-image-103\" alt=\"\" srcset=\"https:\/\/btz.studio63.fr\/wp-content\/uploads\/2023\/05\/photo-Bartowicz.jpg 467w, https:\/\/btz.studio63.fr\/wp-content\/uploads\/2023\/05\/photo-Bartowicz-178x300.jpg 178w\" sizes=\"(max-width: 467px) 100vw, 467px\" \/>\t\t\t\t\t\t\t\t\t\t\t\t\t\t\t<\/div>\n\t\t\t\t<\/div>\n\t\t\t\t<div class=\"elementor-element elementor-element-fddda85 elementor-widget elementor-widget-image\" data-id=\"fddda85\" data-element_type=\"widget\" data-widget_type=\"image.default\">\n\t\t\t\t<div class=\"elementor-widget-container\">\n\t\t\t\t\t\t\t\t\t\t\t\t\t\t\t<img decoding=\"async\" loading=\"lazy\" width=\"210\" height=\"93\" src=\"https:\/\/btz.studio63.fr\/wp-content\/uploads\/2023\/05\/20.png\" class=\"attachment-large size-large wp-image-105\" alt=\"\" \/>\t\t\t\t\t\t\t\t\t\t\t\t\t\t\t<\/div>\n\t\t\t\t<\/div>\n\t\t<div class=\"elementor-element elementor-element-460aba8 e-con-full e-flex e-con e-child\" data-id=\"460aba8\" data-element_type=\"container\" data-settings=\"{&quot;content_width&quot;:&quot;full&quot;,&quot;background_background&quot;:&quot;classic&quot;,&quot;container_type&quot;:&quot;flex&quot;}\">\n\t\t\t\t<div class=\"elementor-element elementor-element-038149c elementor-widget elementor-widget-heading\" data-id=\"038149c\" data-element_type=\"widget\" data-widget_type=\"heading.default\">\n\t\t\t\t<div class=\"elementor-widget-container\">\n\t\t\t<h2 class=\"elementor-heading-title elementor-size-default\">Un adulte cr\u00e9atif est un enfant qui a surv\u00e9cu<\/h2>\t\t<\/div>\n\t\t\t\t<\/div>\n\t\t\t\t<div class=\"elementor-element elementor-element-b72e44e elementor-view-default elementor-widget elementor-widget-icon\" data-id=\"b72e44e\" data-element_type=\"widget\" data-widget_type=\"icon.default\">\n\t\t\t\t<div class=\"elementor-widget-container\">\n\t\t\t\t\t<div class=\"elementor-icon-wrapper\">\n\t\t\t<div class=\"elementor-icon\">\n\t\t\t<svg xmlns=\"http:\/\/www.w3.org\/2000\/svg\" width=\"60\" height=\"60\" viewBox=\"0 0 60 60\" fill=\"none\"><path d=\"M38 39.5C38.8284 39.5 39.5 38.8284 39.5 38V24.5C39.5 23.6716 38.8284 23 38 23C37.1716 23 36.5 23.6716 36.5 24.5V36.5H24.5C23.6716 36.5 23 37.1716 23 38C23 38.8284 23.6716 39.5 24.5 39.5H38ZM21.9393 24.0607L36.9393 39.0607L39.0607 36.9393L24.0607 21.9393L21.9393 24.0607Z\" fill=\"white\"><\/path><circle cx=\"30\" cy=\"30\" r=\"28.5\" stroke=\"white\" stroke-width=\"3\"><\/circle><\/svg>\t\t\t<\/div>\n\t\t<\/div>\n\t\t\t\t<\/div>\n\t\t\t\t<\/div>\n\t\t\t\t<\/div>\n\t\t\t\t<\/div>\n\t\t\t\t\t<\/div>\n\t\t\t\t<\/div>\n\t\t<div class=\"elementor-element elementor-element-e67bfc8 e-flex e-con-boxed e-con e-parent\" data-id=\"e67bfc8\" data-element_type=\"container\" data-settings=\"{&quot;container_type&quot;:&quot;flex&quot;,&quot;content_width&quot;:&quot;boxed&quot;}\" data-core-v316-plus=\"true\">\n\t\t\t\t\t<div class=\"e-con-inner\">\n\t\t\t\t<div class=\"elementor-element elementor-element-6d0e089 elementor-widget elementor-widget-button\" data-id=\"6d0e089\" data-element_type=\"widget\" data-widget_type=\"button.default\">\n\t\t\t\t<div class=\"elementor-widget-container\">\n\t\t\t\t\t<div class=\"elementor-button-wrapper\">\n\t\t\t<a class=\"elementor-button elementor-button-link elementor-size-sm\" href=\"https:\/\/btz.studio63.fr\/?page_id=23\">\n\t\t\t\t\t\t<span class=\"elementor-button-content-wrapper\">\n\t\t\t\t\t\t<span class=\"elementor-button-icon elementor-align-icon-right\">\n\t\t\t\t<svg xmlns=\"http:\/\/www.w3.org\/2000\/svg\" width=\"18\" height=\"18\" viewBox=\"0 0 18 18\" fill=\"none\"><path d=\"M16 17.5C16.8284 17.5 17.5 16.8284 17.5 16V2.5C17.5 1.67157 16.8284 1 16 1C15.1716 1 14.5 1.67157 14.5 2.5V14.5H2.5C1.67157 14.5 1 15.1716 1 16C1 16.8284 1.67157 17.5 2.5 17.5H16ZM0.93934 3.06066L14.9393 17.0607L17.0607 14.9393L3.06066 0.93934L0.93934 3.06066Z\" fill=\"white\"><\/path><\/svg>\t\t\t<\/span>\n\t\t\t\t\t\t<span class=\"elementor-button-text\">Voir les projets<\/span>\n\t\t<\/span>\n\t\t\t\t\t<\/a>\n\t\t<\/div>\n\t\t\t\t<\/div>\n\t\t\t\t<\/div>\n\t\t\t\t\t<\/div>\n\t\t\t\t<\/div>\n\t\t<div class=\"elementor-element elementor-element-2f01fd3 e-flex e-con-boxed e-con e-parent\" data-id=\"2f01fd3\" data-element_type=\"container\" data-settings=\"{&quot;container_type&quot;:&quot;flex&quot;,&quot;content_width&quot;:&quot;boxed&quot;}\" data-core-v316-plus=\"true\">\n\t\t\t\t\t<div class=\"e-con-inner\">\n\t\t\t\t<div class=\"elementor-element elementor-element-af78894 elementor-widget elementor-widget-heading\" data-id=\"af78894\" data-element_type=\"widget\" data-widget_type=\"heading.default\">\n\t\t\t\t<div class=\"elementor-widget-container\">\n\t\t\t<h2 class=\"elementor-heading-title elementor-size-default\">Disctinctions<\/h2>\t\t<\/div>\n\t\t\t\t<\/div>\n\t\t\t\t<div class=\"elementor-element elementor-element-eb072af elementor-widget elementor-widget-heading\" data-id=\"eb072af\" data-element_type=\"widget\" data-widget_type=\"heading.default\">\n\t\t\t\t<div class=\"elementor-widget-container\">\n\t\t\t<h2 class=\"elementor-heading-title elementor-size-default\">Disctinctions<\/h2>\t\t<\/div>\n\t\t\t\t<\/div>\n\t\t\t\t\t<\/div>\n\t\t\t\t<\/div>\n\t\t<div class=\"elementor-element elementor-element-fbd36c4 e-flex e-con-boxed e-con e-parent\" data-id=\"fbd36c4\" data-element_type=\"container\" data-settings=\"{&quot;container_type&quot;:&quot;flex&quot;,&quot;content_width&quot;:&quot;boxed&quot;}\" data-core-v316-plus=\"true\">\n\t\t\t\t\t<div class=\"e-con-inner\">\n\t\t\t\t<div class=\"elementor-element elementor-element-13369d2 elementor-widget__width-initial elementor-widget elementor-widget-image\" data-id=\"13369d2\" data-element_type=\"widget\" data-widget_type=\"image.default\">\n\t\t\t\t<div class=\"elementor-widget-container\">\n\t\t\t\t\t\t\t\t\t\t\t\t\t\t\t<img decoding=\"async\" loading=\"lazy\" width=\"163\" height=\"150\" src=\"https:\/\/btz.studio63.fr\/wp-content\/uploads\/2023\/05\/Logo-prix-dark-01.png\" class=\"attachment-large size-large wp-image-110\" alt=\"\" \/>\t\t\t\t\t\t\t\t\t\t\t\t\t\t\t<\/div>\n\t\t\t\t<\/div>\n\t\t\t\t<div class=\"elementor-element elementor-element-bc1e439 elementor-widget__width-initial elementor-widget elementor-widget-image\" data-id=\"bc1e439\" data-element_type=\"widget\" data-widget_type=\"image.default\">\n\t\t\t\t<div class=\"elementor-widget-container\">\n\t\t\t\t\t\t\t\t\t\t\t\t\t\t\t<img decoding=\"async\" loading=\"lazy\" width=\"163\" height=\"150\" src=\"https:\/\/btz.studio63.fr\/wp-content\/uploads\/2023\/05\/Logo-prix-dark-02.png\" class=\"attachment-large size-large wp-image-111\" alt=\"\" \/>\t\t\t\t\t\t\t\t\t\t\t\t\t\t\t<\/div>\n\t\t\t\t<\/div>\n\t\t\t\t<div class=\"elementor-element elementor-element-67ec318 elementor-widget__width-initial elementor-widget elementor-widget-image\" data-id=\"67ec318\" data-element_type=\"widget\" data-widget_type=\"image.default\">\n\t\t\t\t<div class=\"elementor-widget-container\">\n\t\t\t\t\t\t\t\t\t\t\t\t\t\t\t<img decoding=\"async\" loading=\"lazy\" width=\"163\" height=\"150\" src=\"https:\/\/btz.studio63.fr\/wp-content\/uploads\/2023\/05\/Logo-prix-dark-03.png\" class=\"attachment-large size-large wp-image-112\" alt=\"\" \/>\t\t\t\t\t\t\t\t\t\t\t\t\t\t\t<\/div>\n\t\t\t\t<\/div>\n\t\t\t\t<div class=\"elementor-element elementor-element-e997173 elementor-widget__width-initial elementor-widget elementor-widget-image\" data-id=\"e997173\" data-element_type=\"widget\" data-widget_type=\"image.default\">\n\t\t\t\t<div class=\"elementor-widget-container\">\n\t\t\t\t\t\t\t\t\t\t\t\t\t\t\t<img decoding=\"async\" loading=\"lazy\" width=\"163\" height=\"150\" src=\"https:\/\/btz.studio63.fr\/wp-content\/uploads\/2023\/05\/Logo-prix-dark-04.png\" class=\"attachment-large size-large wp-image-113\" alt=\"\" \/>\t\t\t\t\t\t\t\t\t\t\t\t\t\t\t<\/div>\n\t\t\t\t<\/div>\n\t\t\t\t<div class=\"elementor-element elementor-element-c279e64 elementor-widget__width-initial elementor-widget elementor-widget-image\" data-id=\"c279e64\" data-element_type=\"widget\" data-widget_type=\"image.default\">\n\t\t\t\t<div class=\"elementor-widget-container\">\n\t\t\t\t\t\t\t\t\t\t\t\t\t\t\t<img decoding=\"async\" loading=\"lazy\" width=\"163\" height=\"150\" src=\"https:\/\/btz.studio63.fr\/wp-content\/uploads\/2023\/05\/Logo-prix-dark-05.png\" class=\"attachment-large size-large wp-image-114\" alt=\"\" \/>\t\t\t\t\t\t\t\t\t\t\t\t\t\t\t<\/div>\n\t\t\t\t<\/div>\n\t\t\t\t<div class=\"elementor-element elementor-element-4501bc0 elementor-widget__width-initial elementor-widget elementor-widget-image\" data-id=\"4501bc0\" data-element_type=\"widget\" data-widget_type=\"image.default\">\n\t\t\t\t<div class=\"elementor-widget-container\">\n\t\t\t\t\t\t\t\t\t\t\t\t\t\t\t<img decoding=\"async\" loading=\"lazy\" width=\"162\" height=\"150\" src=\"https:\/\/btz.studio63.fr\/wp-content\/uploads\/2023\/05\/Logo-prix-dark-06.png\" class=\"attachment-large size-large wp-image-115\" alt=\"\" \/>\t\t\t\t\t\t\t\t\t\t\t\t\t\t\t<\/div>\n\t\t\t\t<\/div>\n\t\t\t\t<div class=\"elementor-element elementor-element-d2c0493 elementor-widget__width-initial elementor-widget elementor-widget-image\" data-id=\"d2c0493\" data-element_type=\"widget\" data-widget_type=\"image.default\">\n\t\t\t\t<div class=\"elementor-widget-container\">\n\t\t\t\t\t\t\t\t\t\t\t\t\t\t\t<img decoding=\"async\" loading=\"lazy\" width=\"163\" height=\"150\" src=\"https:\/\/btz.studio63.fr\/wp-content\/uploads\/2023\/05\/Logo-prix-dark-07.png\" class=\"attachment-large size-large wp-image-116\" alt=\"\" \/>\t\t\t\t\t\t\t\t\t\t\t\t\t\t\t<\/div>\n\t\t\t\t<\/div>\n\t\t\t\t<div class=\"elementor-element elementor-element-04f5d42 elementor-align-left elementor-widget elementor-widget-button\" data-id=\"04f5d42\" data-element_type=\"widget\" data-widget_type=\"button.default\">\n\t\t\t\t<div class=\"elementor-widget-container\">\n\t\t\t\t\t<div class=\"elementor-button-wrapper\">\n\t\t\t<a class=\"elementor-button elementor-button-link elementor-size-xs\" href=\"https:\/\/btz.studio63.fr\/?page_id=23\">\n\t\t\t\t\t\t<span class=\"elementor-button-content-wrapper\">\n\t\t\t\t\t\t<span class=\"elementor-button-icon elementor-align-icon-right\">\n\t\t\t\t<svg xmlns=\"http:\/\/www.w3.org\/2000\/svg\" width=\"18\" height=\"18\" viewBox=\"0 0 18 18\" fill=\"none\"><path d=\"M16 17.5C16.8284 17.5 17.5 16.8284 17.5 16V2.5C17.5 1.67157 16.8284 1 16 1C15.1716 1 14.5 1.67157 14.5 2.5V14.5H2.5C1.67157 14.5 1 15.1716 1 16C1 16.8284 1.67157 17.5 2.5 17.5H16ZM0.93934 3.06066L14.9393 17.0607L17.0607 14.9393L3.06066 0.93934L0.93934 3.06066Z\" fill=\"white\"><\/path><\/svg>\t\t\t<\/span>\n\t\t\t\t\t\t<span class=\"elementor-button-text\">Voir les projets<\/span>\n\t\t<\/span>\n\t\t\t\t\t<\/a>\n\t\t<\/div>\n\t\t\t\t<\/div>\n\t\t\t\t<\/div>\n\t\t\t\t\t<\/div>\n\t\t\t\t<\/div>\n\t\t<div class=\"elementor-element elementor-element-a140f18 e-flex e-con-boxed e-con e-parent\" data-id=\"a140f18\" data-element_type=\"container\" data-settings=\"{&quot;container_type&quot;:&quot;flex&quot;,&quot;content_width&quot;:&quot;boxed&quot;}\" data-core-v316-plus=\"true\">\n\t\t\t\t\t<div class=\"e-con-inner\">\n\t\t<div class=\"elementor-element elementor-element-e3449da e-con-full e-flex e-con e-child\" data-id=\"e3449da\" data-element_type=\"container\" data-settings=\"{&quot;content_width&quot;:&quot;full&quot;,&quot;container_type&quot;:&quot;flex&quot;}\">\n\t\t\t\t<div class=\"elementor-element elementor-element-721d641 elementor-widget elementor-widget-image\" data-id=\"721d641\" data-element_type=\"widget\" data-widget_type=\"image.default\">\n\t\t\t\t<div class=\"elementor-widget-container\">\n\t\t\t\t\t\t\t\t\t\t\t\t\t\t\t<img decoding=\"async\" loading=\"lazy\" width=\"710\" height=\"514\" src=\"https:\/\/btz.studio63.fr\/wp-content\/uploads\/2023\/05\/a-propos-img-01.jpg\" class=\"attachment-large size-large wp-image-117\" alt=\"\" srcset=\"https:\/\/btz.studio63.fr\/wp-content\/uploads\/2023\/05\/a-propos-img-01.jpg 710w, https:\/\/btz.studio63.fr\/wp-content\/uploads\/2023\/05\/a-propos-img-01-300x217.jpg 300w\" sizes=\"(max-width: 710px) 100vw, 710px\" \/>\t\t\t\t\t\t\t\t\t\t\t\t\t\t\t<\/div>\n\t\t\t\t<\/div>\n\t\t\t\t<div class=\"elementor-element elementor-element-19d142c e-transform elementor-widget elementor-widget-image\" data-id=\"19d142c\" data-element_type=\"widget\" data-settings=\"{&quot;_transform_translateY_effect&quot;:{&quot;unit&quot;:&quot;px&quot;,&quot;size&quot;:-80,&quot;sizes&quot;:[]},&quot;_transform_translateX_effect&quot;:{&quot;unit&quot;:&quot;px&quot;,&quot;size&quot;:&quot;&quot;,&quot;sizes&quot;:[]},&quot;_transform_translateX_effect_tablet&quot;:{&quot;unit&quot;:&quot;px&quot;,&quot;size&quot;:&quot;&quot;,&quot;sizes&quot;:[]},&quot;_transform_translateX_effect_mobile&quot;:{&quot;unit&quot;:&quot;px&quot;,&quot;size&quot;:&quot;&quot;,&quot;sizes&quot;:[]},&quot;_transform_translateY_effect_tablet&quot;:{&quot;unit&quot;:&quot;px&quot;,&quot;size&quot;:&quot;&quot;,&quot;sizes&quot;:[]},&quot;_transform_translateY_effect_mobile&quot;:{&quot;unit&quot;:&quot;px&quot;,&quot;size&quot;:&quot;&quot;,&quot;sizes&quot;:[]}}\" data-widget_type=\"image.default\">\n\t\t\t\t<div class=\"elementor-widget-container\">\n\t\t\t\t\t\t\t\t\t\t\t\t\t\t\t<img decoding=\"async\" loading=\"lazy\" width=\"345\" height=\"348\" src=\"https:\/\/btz.studio63.fr\/wp-content\/uploads\/2023\/05\/a-propos-img-02.jpg\" class=\"attachment-large size-large wp-image-118\" alt=\"\" srcset=\"https:\/\/btz.studio63.fr\/wp-content\/uploads\/2023\/05\/a-propos-img-02.jpg 345w, https:\/\/btz.studio63.fr\/wp-content\/uploads\/2023\/05\/a-propos-img-02-297x300.jpg 297w, https:\/\/btz.studio63.fr\/wp-content\/uploads\/2023\/05\/a-propos-img-02-150x150.jpg 150w\" sizes=\"(max-width: 345px) 100vw, 345px\" \/>\t\t\t\t\t\t\t\t\t\t\t\t\t\t\t<\/div>\n\t\t\t\t<\/div>\n\t\t\t\t<\/div>\n\t\t<div class=\"elementor-element elementor-element-61a6737 e-con-full e-flex e-con e-child\" data-id=\"61a6737\" data-element_type=\"container\" data-settings=\"{&quot;content_width&quot;:&quot;full&quot;,&quot;container_type&quot;:&quot;flex&quot;}\">\n\t\t\t\t<div class=\"elementor-element elementor-element-47d8f51 elementor-view-default elementor-widget elementor-widget-icon\" data-id=\"47d8f51\" data-element_type=\"widget\" data-widget_type=\"icon.default\">\n\t\t\t\t<div class=\"elementor-widget-container\">\n\t\t\t\t\t<div class=\"elementor-icon-wrapper\">\n\t\t\t<div class=\"elementor-icon\">\n\t\t\t<svg xmlns=\"http:\/\/www.w3.org\/2000\/svg\" width=\"38\" height=\"38\" viewBox=\"0 0 38 38\" fill=\"none\"><path fill-rule=\"evenodd\" clip-rule=\"evenodd\" d=\"M26.9178 31.5082L0 4.59038L4.59038 0L31.5082 26.9178V5.54108C31.5082 3.74843 32.9614 2.29519 34.7541 2.29519C36.5468 2.29519 38 3.74843 38 5.54108V34.7541C38 36.5468 36.5468 38 34.7541 38H5.54108C3.74843 38 2.29519 36.5468 2.29519 34.7541C2.29519 32.9614 3.74843 31.5082 5.54108 31.5082H26.9178Z\" fill=\"#F5F5F5\"><\/path><\/svg>\t\t\t<\/div>\n\t\t<\/div>\n\t\t\t\t<\/div>\n\t\t\t\t<\/div>\n\t\t\t\t<div class=\"elementor-element elementor-element-1501c22 elementor-widget__width-initial elementor-widget elementor-widget-text-editor\" data-id=\"1501c22\" data-element_type=\"widget\" data-widget_type=\"text-editor.default\">\n\t\t\t\t<div class=\"elementor-widget-container\">\n\t\t\t\t\t\t\t<p>Parall\u00e8lement, il travaille depuis 7 ans au sein de l\u2019entreprise Fantasmagorie, en tant que chor\u00e9graphe a\u00e9rien et conseiller artistique sur diff\u00e9rents projets. Ce qui lui permet d\u2019\u00e9voluer sur des plateaux de cin\u00e9ma, t\u00e9l\u00e9 et shows. Quoi qu\u2019il fasse, il n\u2019est jamais loin de sa passion.<\/p>\t\t\t\t\t\t<\/div>\n\t\t\t\t<\/div>\n\t\t\t\t<\/div>\n\t\t\t\t\t<\/div>\n\t\t\t\t<\/div>\n\t\t<div class=\"elementor-element elementor-element-3cd7ff2 e-flex e-con-boxed e-con e-parent\" data-id=\"3cd7ff2\" data-element_type=\"container\" data-settings=\"{&quot;container_type&quot;:&quot;flex&quot;,&quot;content_width&quot;:&quot;boxed&quot;}\" data-core-v316-plus=\"true\">\n\t\t\t\t\t<div class=\"e-con-inner\">\n\t\t<div class=\"elementor-element elementor-element-c3faacc e-con-full e-flex e-con e-child\" data-id=\"c3faacc\" data-element_type=\"container\" data-settings=\"{&quot;content_width&quot;:&quot;full&quot;,&quot;container_type&quot;:&quot;flex&quot;}\">\n\t\t\t\t<div class=\"elementor-element elementor-element-174e0c7 elementor-widget elementor-widget-button\" data-id=\"174e0c7\" data-element_type=\"widget\" data-widget_type=\"button.default\">\n\t\t\t\t<div class=\"elementor-widget-container\">\n\t\t\t\t\t<div class=\"elementor-button-wrapper\">\n\t\t\t<a class=\"elementor-button elementor-button-link elementor-size-sm\" href=\"https:\/\/btz.studio63.fr\/?page_id=23\">\n\t\t\t\t\t\t<span class=\"elementor-button-content-wrapper\">\n\t\t\t\t\t\t<span class=\"elementor-button-icon elementor-align-icon-right\">\n\t\t\t\t<svg xmlns=\"http:\/\/www.w3.org\/2000\/svg\" width=\"18\" height=\"18\" viewBox=\"0 0 18 18\" fill=\"none\"><path d=\"M16 17.5C16.8284 17.5 17.5 16.8284 17.5 16V2.5C17.5 1.67157 16.8284 1 16 1C15.1716 1 14.5 1.67157 14.5 2.5V14.5H2.5C1.67157 14.5 1 15.1716 1 16C1 16.8284 1.67157 17.5 2.5 17.5H16ZM0.93934 3.06066L14.9393 17.0607L17.0607 14.9393L3.06066 0.93934L0.93934 3.06066Z\" fill=\"white\"><\/path><\/svg>\t\t\t<\/span>\n\t\t\t\t\t\t<span class=\"elementor-button-text\">T\u00e9l\u00e9charger le CV<\/span>\n\t\t<\/span>\n\t\t\t\t\t<\/a>\n\t\t<\/div>\n\t\t\t\t<\/div>\n\t\t\t\t<\/div>\n\t\t\t\t<\/div>\n\t\t\t\t<div class=\"elementor-element elementor-element-74e4bbf elementor-widget__width-initial elementor-widget elementor-widget-text-editor\" data-id=\"74e4bbf\" data-element_type=\"widget\" data-widget_type=\"text-editor.default\">\n\t\t\t\t<div class=\"elementor-widget-container\">\n\t\t\t\t\t\t\t<p>\u00c0 l\u2019\u00e2ge de 20 ans Tom \u00e9voluait d\u00e9j\u00e0 aux c\u00f4t\u00e9s d\u2019artistes de renomm\u00e9e. Kev Adams lui fait confiance pendant deux ans sur sa tourn\u00e9e \u00ab Voil\u00e0, Voil\u00e0 \u00bb en tant que responsable d\u2019effets sp\u00e9ciaux a\u00e9riens en live \u00e0 la fin du spectacle. Il en profite pour aff\u00fbter ses comp\u00e9tences techniques et affirmer son sens artistique. Les contrats s\u2019encha\u00eenent. \u00c0 l\u2019\u00e9coute des artistes, il cr\u00e9e des chor\u00e9graphies uniques pour chaque prestation et conseille le jeu des acteurs avec lesquels il travaille. Des liens de confiance se nouent.<\/p>\t\t\t\t\t\t<\/div>\n\t\t\t\t<\/div>\n\t\t\t\t\t<\/div>\n\t\t\t\t<\/div>\n\t\t\t\t\t\t\t<\/div>\n\t\t","protected":false},"excerpt":{"rendered":"<p>Tom Bartowicz Baign\u00e9 dans l\u2019univers du spectacle depuis son plus jeune \u00e2ge, Tom fait l\u2019exp\u00e9rience de la sc\u00e8ne alors qu\u2019il n\u2019est encore qu\u2019un enfant. \u00c9voluant entre l\u2019art et la technique, il d\u00e9veloppe un sens artistique pointu et se passionne tr\u00e8s vite pour l\u2019\u00e9criture de sc\u00e9nario et l\u2019image. Sa force : une double comp\u00e9tence, \u00eatre \u00e0 [&hellip;]<\/p>\n","protected":false},"author":1,"featured_media":0,"parent":0,"menu_order":0,"comment_status":"closed","ping_status":"closed","template":"","meta":{"footnotes":""},"_links":{"self":[{"href":"https:\/\/btz.studio63.fr\/index.php?rest_route=\/wp\/v2\/pages\/21"}],"collection":[{"href":"https:\/\/btz.studio63.fr\/index.php?rest_route=\/wp\/v2\/pages"}],"about":[{"href":"https:\/\/btz.studio63.fr\/index.php?rest_route=\/wp\/v2\/types\/page"}],"author":[{"embeddable":true,"href":"https:\/\/btz.studio63.fr\/index.php?rest_route=\/wp\/v2\/users\/1"}],"replies":[{"embeddable":true,"href":"https:\/\/btz.studio63.fr\/index.php?rest_route=%2Fwp%2Fv2%2Fcomments&post=21"}],"version-history":[{"count":11,"href":"https:\/\/btz.studio63.fr\/index.php?rest_route=\/wp\/v2\/pages\/21\/revisions"}],"predecessor-version":[{"id":173,"href":"https:\/\/btz.studio63.fr\/index.php?rest_route=\/wp\/v2\/pages\/21\/revisions\/173"}],"wp:attachment":[{"href":"https:\/\/btz.studio63.fr\/index.php?rest_route=%2Fwp%2Fv2%2Fmedia&parent=21"}],"curies":[{"name":"wp","href":"https:\/\/api.w.org\/{rel}","templated":true}]}}